{"id":5061,"date":"2026-03-06T10:39:21","date_gmt":"2026-03-06T10:39:21","guid":{"rendered":"https:\/\/www.weissenhof.at\/?page_id=5061"},"modified":"2026-03-20T10:09:59","modified_gmt":"2026-03-20T10:09:59","slug":"chef-de-rang","status":"publish","type":"page","link":"https:\/\/www.weissenhof.at\/de\/chef-de-rang\/","title":{"rendered":"Chef de Rang"},"content":{"rendered":"<section  class=\"cb-breadcrumbs\"style='--spacing-top: 150px; --spacing-bottom: 0px; '>\r\n\t<p id=\"breadcrumbs\"><span><span><a href=\"https:\/\/www.weissenhof.at\/de\/\">Home<\/a><\/span><\/span><\/p><\/section>\n\n<section  class=\"cb-content-background cb-fullbleed--both has-background\"style='--background-color: rgba(142, 135, 129, 0.3); --spacing-top: 0px; --spacing-bottom: 15px; '>\r\n\t<div class=\"inner-wrapper\">\r\n\t\t\n<div class=\"cb-container cb-content-bg--text\">\r\n\t\n<h2 class=\"cb-heading align--left\" style=\"width:auto;\">\r\n\tChef de Rang (m|w|d)<\/h2>\r\n\n\n<div class=\"cb-body\">\r\n\t\n\n<p><em>Vollzeit<\/em><br><br><\/p>\n\n\n\n<p>Du sorgst daf\u00fcr, dass sich unsere G\u00e4ste im Restaurant rundum wohlf\u00fchlen. Mit Aufmerksamkeit, Fachwissen und einem Gesp\u00fcr f\u00fcr Gastfreundschaft begleitest du unsere G\u00e4ste durch den Abend und machst jedes Dinner zu einem besonderen Erlebnis.<br><br><br><\/p>\n\n\n\n<p><strong>Deine Aufgaben<\/strong><\/p>\n\n\n\n<ul class=\"wp-block-list\">\n<li>Eigenst\u00e4ndige Betreuung deiner Servicestation im Restaurant<\/li>\n<\/ul>\n\n\n\n<ul class=\"wp-block-list\">\n<li>Herzlicher Empfang und professionelle Betreuung unserer G\u00e4ste<\/li>\n<\/ul>\n\n\n\n<ul class=\"wp-block-list\">\n<li>Beratung zu Speisen und Weinen sowie Aufnahme von Bestellungen<\/li>\n<\/ul>\n\n\n\n<ul class=\"wp-block-list\">\n<li>Servieren von Speisen und Getr\u00e4nken<\/li>\n<\/ul>\n\n\n\n<ul class=\"wp-block-list\">\n<li>Sicherstellung eines reibungslosen Serviceablaufs in Zusammenarbeit mit K\u00fcche und Serviceteam<\/li>\n<\/ul>\n\n\n\n<ul class=\"wp-block-list\">\n<li>Vorbereitung und Nachbereitung des Restaurantbereichs<\/li>\n<\/ul>\n\n\n\n<ul class=\"wp-block-list\">\n<li>Unterst\u00fctzung bei der Betreuung unserer G\u00e4ste vor Ort und Zusammenarbeit mit allen Abteilungen<\/li>\n<\/ul>\n\n\n\n<p><br><br><br><\/p>\n\n\n\n<p><strong>Dein Profil<\/strong><\/p>\n\n\n\n<ul class=\"wp-block-list\">\n<li>Freude am Umgang mit G\u00e4sten und ausgepr\u00e4gte Serviceorientierung<\/li>\n<\/ul>\n\n\n\n<ul class=\"wp-block-list\">\n<li>Selbstst\u00e4ndige und strukturierte Arbeitsweise<\/li>\n<\/ul>\n\n\n\n<ul class=\"wp-block-list\">\n<li>Kommunikationsst\u00e4rke und Serviceorientierung<\/li>\n<\/ul>\n\n\n\n<ul class=\"wp-block-list\">\n<li>Gute Deutschkenntnisse in Wort und Schrift, Englischkenntnisse von Vorteil<\/li>\n<\/ul>\n\n\n\n<ul class=\"wp-block-list\">\n<li>Abgeschlossene Ausbildung im Restaurant oder Erfahrung im Service von Vorteil<\/li>\n<\/ul>\n\n\n\n<ul class=\"wp-block-list\">\n<li>Teamgeist und Freude an der Zusammenarbeit im Service<\/li>\n<\/ul>\n\n<\/div>\n<\/div>\n\n<picture  class=\"cb-image\"style='--focus-x: 50%; --focus-y: 50%; '>\r\n\t<img decoding=\"async\" width=\"800\" height=\"1200\" data-src=\"https:\/\/www.weissenhof.at\/wp-content\/uploads\/2026\/03\/Contentdays_TMD_mittel_web_2-265.jpg\" class=\"attachment-full size-full lazyload\" alt=\"\" data-srcset=\"https:\/\/www.weissenhof.at\/wp-content\/uploads\/2026\/03\/Contentdays_TMD_mittel_web_2-265.jpg 800w, https:\/\/www.weissenhof.at\/wp-content\/uploads\/2026\/03\/Contentdays_TMD_mittel_web_2-265-200x300.jpg 200w, https:\/\/www.weissenhof.at\/wp-content\/uploads\/2026\/03\/Contentdays_TMD_mittel_web_2-265-683x1024.jpg 683w, https:\/\/www.weissenhof.at\/wp-content\/uploads\/2026\/03\/Contentdays_TMD_mittel_web_2-265-768x1152.jpg 768w\" data-sizes=\"(max-width: 800px) 100vw, 800px\" src=\"data:image\/svg+xml;base64,PHN2ZyB3aWR0aD0iMSIgaGVpZ2h0PSIxIiB4bWxucz0iaHR0cDovL3d3dy53My5vcmcvMjAwMC9zdmciPjwvc3ZnPg==\" style=\"--smush-placeholder-width: 800px; --smush-placeholder-aspect-ratio: 800\/1200;\" \/><\/picture>\n\t<\/div>\r\n<\/section>\r\n\r\n\n\n<section  class=\"cb-content-background cb-fullbleed--both has-background\"style='--background-color: rgba(142, 135, 129, 0.3); --spacing-top: 0px; --spacing-bottom: 0px; '>\r\n\t<div class=\"inner-wrapper\">\r\n\t\t\n<div class=\"cb-container cb-content-bg--text\">\r\n\t\n\n\n<div class=\"cb-body\">\r\n\t\n\n<p><strong>Das erwartet dich bei uns<\/strong><\/p>\n\n\n\n<ul class=\"wp-block-list\">\n<li>5 oder 5\u00bd Tagewoche mit geregelten Arbeitszeiten <\/li>\n<\/ul>\n\n\n\n<ul class=\"wp-block-list\">\n<li><\/li>\n<\/ul>\n\n\n\n<ul class=\"wp-block-list\">\n<li>3 Mahlzeiten inkludiert (Fr\u00fchst\u00fcck, Mittagessen &#038; Abendessen)<\/li>\n<\/ul>\n\n\n\n<ul class=\"wp-block-list\">\n<li>Unterbringung in unseren Mitarbeiterh\u00e4usern m\u00f6glich<\/li>\n<\/ul>\n\n\n\n<ul class=\"wp-block-list\">\n<li>Rabatt und Benefits bei unseren Sportanlagen wie z.B. freie Nutzung unserer ConiRAce Tennishalle<\/li>\n<\/ul>\n\n\n\n<ul class=\"wp-block-list\">\n<li>Erm\u00e4\u00dfigungen f\u00fcr Family und Friends<\/li>\n<\/ul>\n\n\n\n<ul class=\"wp-block-list\">\n<li>Tolles Freizeitangebot in der Region<br><br><\/li>\n<\/ul>\n\n\n\n<p>Wir freuen uns auf deine Bewerbung!<\/p>\n\n\n\n<p><a href=\"mailto:info@weissenhof.at\">info@weissenhof.at<\/a><br><a href=\"tel:+4364527001\">+43 6452 7001<\/a><\/p>\n\n<\/div>\n<\/div>\n\n<picture  class=\"cb-image\"style='--focus-x: 50%; --focus-y: 50%; '>\r\n\t<img decoding=\"async\" width=\"533\" height=\"800\" data-src=\"https:\/\/www.weissenhof.at\/wp-content\/uploads\/2026\/03\/2023-10-14_Herbststimmung_klein_web-10.jpg\" class=\"attachment-full size-full lazyload\" alt=\"Sonniger Blick auf das Gut Weissenhof im Sommer\" data-srcset=\"https:\/\/www.weissenhof.at\/wp-content\/uploads\/2026\/03\/2023-10-14_Herbststimmung_klein_web-10.jpg 533w, https:\/\/www.weissenhof.at\/wp-content\/uploads\/2026\/03\/2023-10-14_Herbststimmung_klein_web-10-200x300.jpg 200w\" data-sizes=\"(max-width: 533px) 100vw, 533px\" src=\"data:image\/svg+xml;base64,PHN2ZyB3aWR0aD0iMSIgaGVpZ2h0PSIxIiB4bWxucz0iaHR0cDovL3d3dy53My5vcmcvMjAwMC9zdmciPjwvc3ZnPg==\" style=\"--smush-placeholder-width: 533px; --smush-placeholder-aspect-ratio: 533\/800;\" \/><\/picture>\n\t<\/div>\r\n<\/section>\r\n\r\n","protected":false},"excerpt":{"rendered":"","protected":false},"author":6,"featured_media":0,"parent":0,"menu_order":91,"comment_status":"closed","ping_status":"closed","template":"","meta":{"_custom_header":"header-dark","_custom_footer":"footer-right","footnotes":""},"class_list":["post-5061","page","type-page","status-publish","hentry"],"yoast_head":"<!-- This site is optimized with the Yoast SEO plugin v27.2 - https:\/\/yoast.com\/product\/yoast-seo-wordpress\/ -->\n<title>Chef de Rang | Hotel Gut Weissenhof Jobs<\/title>\n<meta name=\"description\" content=\"Chef de Rang - 4*superior Hotel Gut Weissenhof \u2713 Perfekt f\u00fcr Familien \u2713 Golfurlaub \u2713 Reiturlaub \u2713 Ankommen und Wohlf\u00fchlen im Hotel Gut Weissenhof im Salzburger Land in \u00d6sterreich.\" \/>\n<meta name=\"robots\" content=\"index, follow, max-snippet:-1, max-image-preview:large, max-video-preview:-1\" \/>\n<link rel=\"canonical\" href=\"https:\/\/www.weissenhof.at\/de\/chef-de-rang\/\" \/>\n<meta property=\"og:locale\" content=\"de_DE\" \/>\n<meta property=\"og:type\" content=\"article\" \/>\n<meta property=\"og:title\" content=\"Chef de Rang | Hotel Gut Weissenhof Jobs\" \/>\n<meta property=\"og:description\" content=\"Chef de Rang - 4*superior Hotel Gut Weissenhof \u2713 Perfekt f\u00fcr Familien \u2713 Golfurlaub \u2713 Reiturlaub \u2713 Ankommen und Wohlf\u00fchlen im Hotel Gut Weissenhof im Salzburger Land in \u00d6sterreich.\" \/>\n<meta property=\"og:url\" content=\"https:\/\/www.weissenhof.at\/de\/chef-de-rang\/\" \/>\n<meta property=\"og:site_name\" content=\"Hotel Gut Weissenhof\" \/>\n<meta property=\"article:modified_time\" content=\"2026-03-20T10:09:59+00:00\" \/>\n<meta name=\"twitter:card\" content=\"summary_large_image\" \/>\n<meta name=\"twitter:label1\" content=\"Gesch\u00e4tzte Lesezeit\" \/>\n\t<meta name=\"twitter:data1\" content=\"2\u00a0Minuten\" \/>\n<script type=\"application\/ld+json\" class=\"yoast-schema-graph\">{\"@context\":\"https:\/\/schema.org\",\"@graph\":[{\"@type\":\"WebPage\",\"@id\":\"https:\/\/www.weissenhof.at\/de\/chef-de-rang\/\",\"url\":\"https:\/\/www.weissenhof.at\/de\/chef-de-rang\/\",\"name\":\"Chef de Rang | Hotel Gut Weissenhof Jobs\",\"isPartOf\":{\"@id\":\"https:\/\/www.weissenhof.at\/de\/#website\"},\"datePublished\":\"2026-03-06T10:39:21+00:00\",\"dateModified\":\"2026-03-20T10:09:59+00:00\",\"description\":\"Chef de Rang - 4*superior Hotel Gut Weissenhof \u2713 Perfekt f\u00fcr Familien \u2713 Golfurlaub \u2713 Reiturlaub \u2713 Ankommen und Wohlf\u00fchlen im Hotel Gut Weissenhof im Salzburger Land in \u00d6sterreich.\",\"breadcrumb\":{\"@id\":\"https:\/\/www.weissenhof.at\/de\/chef-de-rang\/#breadcrumb\"},\"inLanguage\":\"de\",\"potentialAction\":[{\"@type\":\"ReadAction\",\"target\":[\"https:\/\/www.weissenhof.at\/de\/chef-de-rang\/\"]}]},{\"@type\":\"BreadcrumbList\",\"@id\":\"https:\/\/www.weissenhof.at\/de\/chef-de-rang\/#breadcrumb\",\"itemListElement\":[{\"@type\":\"ListItem\",\"position\":1,\"name\":\"Home\",\"item\":\"https:\/\/www.weissenhof.at\/de\/\"},{\"@type\":\"ListItem\",\"position\":2,\"name\":\"Chef de Rang\"}]},{\"@type\":\"WebSite\",\"@id\":\"https:\/\/www.weissenhof.at\/de\/#website\",\"url\":\"https:\/\/www.weissenhof.at\/de\/\",\"name\":\"Weissenhof\",\"description\":\"Ankommen &amp; Wohlf\u00fchlen\",\"potentialAction\":[{\"@type\":\"SearchAction\",\"target\":{\"@type\":\"EntryPoint\",\"urlTemplate\":\"https:\/\/www.weissenhof.at\/de\/?s={search_term_string}\"},\"query-input\":{\"@type\":\"PropertyValueSpecification\",\"valueRequired\":true,\"valueName\":\"search_term_string\"}}],\"inLanguage\":\"de\"}]}<\/script>\n<!-- \/ Yoast SEO plugin. -->","yoast_head_json":{"title":"Chef de Rang | Hotel Gut Weissenhof Jobs","description":"Chef de Rang - 4*superior Hotel Gut Weissenhof \u2713 Perfekt f\u00fcr Familien \u2713 Golfurlaub \u2713 Reiturlaub \u2713 Ankommen und Wohlf\u00fchlen im Hotel Gut Weissenhof im Salzburger Land in \u00d6sterreich.","robots":{"index":"index","follow":"follow","max-snippet":"max-snippet:-1","max-image-preview":"max-image-preview:large","max-video-preview":"max-video-preview:-1"},"canonical":"https:\/\/www.weissenhof.at\/de\/chef-de-rang\/","og_locale":"de_DE","og_type":"article","og_title":"Chef de Rang | Hotel Gut Weissenhof Jobs","og_description":"Chef de Rang - 4*superior Hotel Gut Weissenhof \u2713 Perfekt f\u00fcr Familien \u2713 Golfurlaub \u2713 Reiturlaub \u2713 Ankommen und Wohlf\u00fchlen im Hotel Gut Weissenhof im Salzburger Land in \u00d6sterreich.","og_url":"https:\/\/www.weissenhof.at\/de\/chef-de-rang\/","og_site_name":"Hotel Gut Weissenhof","article_modified_time":"2026-03-20T10:09:59+00:00","twitter_card":"summary_large_image","twitter_misc":{"Gesch\u00e4tzte Lesezeit":"2\u00a0Minuten"},"schema":{"@context":"https:\/\/schema.org","@graph":[{"@type":"WebPage","@id":"https:\/\/www.weissenhof.at\/de\/chef-de-rang\/","url":"https:\/\/www.weissenhof.at\/de\/chef-de-rang\/","name":"Chef de Rang | Hotel Gut Weissenhof Jobs","isPartOf":{"@id":"https:\/\/www.weissenhof.at\/de\/#website"},"datePublished":"2026-03-06T10:39:21+00:00","dateModified":"2026-03-20T10:09:59+00:00","description":"Chef de Rang - 4*superior Hotel Gut Weissenhof \u2713 Perfekt f\u00fcr Familien \u2713 Golfurlaub \u2713 Reiturlaub \u2713 Ankommen und Wohlf\u00fchlen im Hotel Gut Weissenhof im Salzburger Land in \u00d6sterreich.","breadcrumb":{"@id":"https:\/\/www.weissenhof.at\/de\/chef-de-rang\/#breadcrumb"},"inLanguage":"de","potentialAction":[{"@type":"ReadAction","target":["https:\/\/www.weissenhof.at\/de\/chef-de-rang\/"]}]},{"@type":"BreadcrumbList","@id":"https:\/\/www.weissenhof.at\/de\/chef-de-rang\/#breadcrumb","itemListElement":[{"@type":"ListItem","position":1,"name":"Home","item":"https:\/\/www.weissenhof.at\/de\/"},{"@type":"ListItem","position":2,"name":"Chef de Rang"}]},{"@type":"WebSite","@id":"https:\/\/www.weissenhof.at\/de\/#website","url":"https:\/\/www.weissenhof.at\/de\/","name":"Weissenhof","description":"Ankommen &amp; Wohlf\u00fchlen","potentialAction":[{"@type":"SearchAction","target":{"@type":"EntryPoint","urlTemplate":"https:\/\/www.weissenhof.at\/de\/?s={search_term_string}"},"query-input":{"@type":"PropertyValueSpecification","valueRequired":true,"valueName":"search_term_string"}}],"inLanguage":"de"}]}},"_links":{"self":[{"href":"https:\/\/www.weissenhof.at\/de\/wp-json\/wp\/v2\/pages\/5061","targetHints":{"allow":["GET"]}}],"collection":[{"href":"https:\/\/www.weissenhof.at\/de\/wp-json\/wp\/v2\/pages"}],"about":[{"href":"https:\/\/www.weissenhof.at\/de\/wp-json\/wp\/v2\/types\/page"}],"author":[{"embeddable":true,"href":"https:\/\/www.weissenhof.at\/de\/wp-json\/wp\/v2\/users\/6"}],"replies":[{"embeddable":true,"href":"https:\/\/www.weissenhof.at\/de\/wp-json\/wp\/v2\/comments?post=5061"}],"version-history":[{"count":9,"href":"https:\/\/www.weissenhof.at\/de\/wp-json\/wp\/v2\/pages\/5061\/revisions"}],"predecessor-version":[{"id":5637,"href":"https:\/\/www.weissenhof.at\/de\/wp-json\/wp\/v2\/pages\/5061\/revisions\/5637"}],"wp:attachment":[{"href":"https:\/\/www.weissenhof.at\/de\/wp-json\/wp\/v2\/media?parent=5061"}],"curies":[{"name":"wp","href":"https:\/\/api.w.org\/{rel}","templated":true}]}}